{"id":121,"date":"2022-06-07T19:33:07","date_gmt":"2022-06-07T17:33:07","guid":{"rendered":"https:\/\/fortvii.pl\/?page_id=121"},"modified":"2025-01-17T12:23:31","modified_gmt":"2025-01-17T11:23:31","slug":"fort-dzis","status":"publish","type":"page","link":"https:\/\/fortvii.eu\/renowacja\/fort-dzis\/","title":{"rendered":"MUZEUM MARTYROLOGII WIELKOPOLAN &#8211; FORT VII"},"content":{"rendered":"<style>\/*! elementor - v3.7.8 - 02-10-2022 *\/\n.elementor-widget-image{text-align:center}.elementor-widget-image a{display:inline-block}.elementor-widget-image a img[src$=\".svg\"]{width:48px}.elementor-widget-image img{vertical-align:middle;display:inline-block}<\/style>\n<p>\t\t\t\t\t\t\t\t\t\t\t\t<img loading=\"lazy\" decoding=\"async\" width=\"2048\" height=\"1536\" src=\"https:\/\/fortvii.eu\/renowacja\/wp-content\/uploads\/2022\/11\/453922.jpg\" alt=\"\" loading=\"lazy\" srcset=\"https:\/\/fortvii.eu\/renowacja\/wp-content\/uploads\/2022\/11\/453922.jpg 2048w, https:\/\/fortvii.eu\/renowacja\/wp-content\/uploads\/2022\/11\/453922-300x225.jpg 300w, https:\/\/fortvii.eu\/renowacja\/wp-content\/uploads\/2022\/11\/453922-1024x768.jpg 1024w, https:\/\/fortvii.eu\/renowacja\/wp-content\/uploads\/2022\/11\/453922-768x576.jpg 768w, https:\/\/fortvii.eu\/renowacja\/wp-content\/uploads\/2022\/11\/453922-1536x1152.jpg 1536w\" sizes=\"auto, (max-width: 2048px) 100vw, 2048px\" \/><br \/>\n\t\t\t\t\t\t\t\t\t\t\t\t\t\t\t<img loading=\"lazy\" decoding=\"async\" width=\"2048\" height=\"1365\" src=\"https:\/\/fortvii.eu\/renowacja\/wp-content\/uploads\/2022\/07\/DSC05410.jpg\" alt=\"Grupa os\u00f3b ws\u0142uchuje si\u0119 w przewodnika, kt\u00f3ry opowiada o Forcie VII na lewym majdanie\" loading=\"lazy\" srcset=\"https:\/\/fortvii.eu\/renowacja\/wp-content\/uploads\/2022\/07\/DSC05410.jpg 2048w, https:\/\/fortvii.eu\/renowacja\/wp-content\/uploads\/2022\/07\/DSC05410-300x200.jpg 300w, https:\/\/fortvii.eu\/renowacja\/wp-content\/uploads\/2022\/07\/DSC05410-1024x683.jpg 1024w, https:\/\/fortvii.eu\/renowacja\/wp-content\/uploads\/2022\/07\/DSC05410-768x512.jpg 768w, https:\/\/fortvii.eu\/renowacja\/wp-content\/uploads\/2022\/07\/DSC05410-1536x1024.jpg 1536w\" sizes=\"auto, (max-width: 2048px) 100vw, 2048px\" \/><\/p>\n","protected":false},"excerpt":{"rendered":"","protected":false},"author":1,"featured_media":141,"parent":0,"menu_order":0,"comment_status":"closed","ping_status":"closed","template":"","meta":{"footnotes":""},"class_list":["post-121","page","type-page","status-publish","has-post-thumbnail","hentry"],"_links":{"self":[{"href":"https:\/\/fortvii.eu\/renowacja\/wp-json\/wp\/v2\/pages\/121","targetHints":{"allow":["GET"]}}],"collection":[{"href":"https:\/\/fortvii.eu\/renowacja\/wp-json\/wp\/v2\/pages"}],"about":[{"href":"https:\/\/fortvii.eu\/renowacja\/wp-json\/wp\/v2\/types\/page"}],"author":[{"embeddable":true,"href":"https:\/\/fortvii.eu\/renowacja\/wp-json\/wp\/v2\/users\/1"}],"replies":[{"embeddable":true,"href":"https:\/\/fortvii.eu\/renowacja\/wp-json\/wp\/v2\/comments?post=121"}],"version-history":[{"count":46,"href":"https:\/\/fortvii.eu\/renowacja\/wp-json\/wp\/v2\/pages\/121\/revisions"}],"predecessor-version":[{"id":1209,"href":"https:\/\/fortvii.eu\/renowacja\/wp-json\/wp\/v2\/pages\/121\/revisions\/1209"}],"wp:featuredmedia":[{"embeddable":true,"href":"https:\/\/fortvii.eu\/renowacja\/wp-json\/wp\/v2\/media\/141"}],"wp:attachment":[{"href":"https:\/\/fortvii.eu\/renowacja\/wp-json\/wp\/v2\/media?parent=121"}],"curies":[{"name":"wp","href":"https:\/\/api.w.org\/{rel}","templated":true}]}}